{"id":218,"date":"2026-02-11T07:54:31","date_gmt":"2026-02-11T07:54:31","guid":{"rendered":"https:\/\/brainworksaimedia.com\/about\/"},"modified":"2026-02-16T00:07:58","modified_gmt":"2026-02-16T00:07:58","slug":"about","status":"publish","type":"page","link":"https:\/\/brainworksaimedia.com\/es\/about\/","title":{"rendered":"Acerca de Nosotros"},"content":{"rendered":"<div class=\"wp-block-uagb-container uagb-block-f6474934 alignfull uagb-is-root-container\"><div class=\"uagb-container-inner-blocks-wrap\">\n<div class=\"wp-block-uagb-advanced-heading uagb-block-b47deef7\"><h1 class=\"uagb-heading-text\">Acerca de Nosotros<\/h1><\/div>\n<\/div><\/div>\n\n\n\n<div class=\"wp-block-uagb-container uagb-block-d9bbddbc alignfull uagb-is-root-container\"><div class=\"uagb-container-inner-blocks-wrap\">\n<div class=\"wp-block-uagb-container uagb-block-022a3254\">\n<div class=\"wp-block-uagb-container uagb-block-cd7a9b90\">\n<div class=\"wp-block-uagb-advanced-heading uagb-block-7148cfd6\"><h2 class=\"uagb-heading-text\">Acerca de Brainworks AI Media<\/h2><\/div>\n\n\n\n<div class=\"wp-block-uagb-advanced-heading uagb-block-e7408de7\"><h3 class=\"uagb-heading-text\"><em>Ayudamos a negocios locales listos para crecer a escalar mediante sistemas impulsados por IA, automatizaci\u00f3n y una estrategia digital estructurada.<\/em><\/h3><\/div>\n<\/div>\n\n\n\n<div class=\"wp-block-uagb-container uagb-block-755d0496\">\n<div class=\"wp-block-uagb-info-box uagb-block-54a37108 uagb-infobox__content-wrap  uagb-infobox-icon-above-title uagb-infobox-image-valign-top\"><div class=\"uagb-ifb-content\"><div class=\"uagb-ifb-title-wrap\"><h3 class=\"uagb-ifb-title\"><br>Qui\u00e9nes Somos<\/h3><\/div><p class=\"uagb-ifb-desc\">BrainWorks AI Media es un aliado estrat\u00e9gico en crecimiento digital para peque\u00f1as y medianas empresas locales.<br><br>No operamos como una agencia tradicional de marketing.<br><br>Construimos ecosistemas digitales estructurados \u2014 integrando dise\u00f1o web, automatizaci\u00f3n, sistemas CRM, SEO y adquisici\u00f3n paga en un marco de crecimiento conectado.<br><br>Nuestro enfoque es simple:<br><br>Reemplazar esfuerzos de marketing fragmentados por una infraestructura escalable y orientada al rendimiento.<br><br>Porque el crecimiento sostenible no ocurre por simple actividad.<br>Sucede a trav\u00e9s de sistemas.<\/p><\/div><\/div>\n<\/div>\n<\/div>\n\n\n\n<div class=\"wp-block-uagb-container uagb-block-ac051886\">\n<div class=\"wp-block-uagb-container uagb-layout-grid uagb-block-e28cfc75 alignfull uagb-is-root-container\"><div class=\"uagb-container-inner-blocks-wrap\">\n<div data-aos= \"fade\" data-aos-duration=\"400\" data-aos-delay=\"0\" data-aos-easing=\"ease\" data-aos-once=\"true\" class=\"wp-block-uagb-advanced-heading uagb-block-eda63079\"><h2 class=\"uagb-heading-text\">Misi\u00f3n<\/h2><p class=\"uagb-desc-text\">Ayudar a negocios locales a escalar mediante sistemas digitales estructurados, automatizaci\u00f3n impulsada por IA e infraestructura de crecimiento medible.<\/p><\/div>\n\n\n\n<div data-aos= \"fade\" data-aos-duration=\"400\" data-aos-delay=\"0\" data-aos-easing=\"ease\" data-aos-once=\"true\" class=\"wp-block-uagb-advanced-heading uagb-block-85427a9f\"><h2 class=\"uagb-heading-text\">Visi\u00f3n<\/h2><p class=\"uagb-desc-text\">Convertirnos en el socio estrat\u00e9gico de crecimiento en el que los negocios locales conf\u00edan para competir, automatizar y escalar en un mercado cada vez m\u00e1s digital.<\/p><\/div>\n\n\n\n<div data-aos= \"fade\" data-aos-duration=\"400\" data-aos-delay=\"0\" data-aos-easing=\"ease\" data-aos-once=\"true\" class=\"wp-block-uagb-advanced-heading uagb-block-cb0f7f61\"><h2 class=\"uagb-heading-text\">Valores<\/h2><p class=\"uagb-desc-text\">\u27a4  Sistemas sobre t\u00e1cticas<br><br>\u27a4 Rendimiento medible<br><br>\u27a4 Simplicidad escalable<\/p><\/div>\n<\/div><\/div>\n<\/div>\n<\/div><\/div>\n\n\n\n<p><\/p>","protected":false},"excerpt":{"rendered":"<p>About\u200b Us About Brainworks AI Media We help growth-ready local businesses scale through AI-driven systems, automation, and structured digital strategy. Mission\u200b To help local businesses scale with structured digital systems, AI-driven automation, and measurable growth infrastructure. Vision\u200b To become the strategic growth partner local businesses rely on to compete, automate, and scale in an increasingly [&hellip;]<\/p>\n","protected":false},"author":1,"featured_media":1864,"parent":0,"menu_order":0,"comment_status":"closed","ping_status":"closed","template":"","meta":{"_uag_custom_page_level_css":"","site-sidebar-layout":"no-sidebar","site-content-layout":"plain-container","ast-site-content-layout":"full-width-container","site-content-style":"unboxed","site-sidebar-style":"unboxed","ast-global-header-display":"","ast-banner-title-visibility":"","ast-main-header-display":"","ast-hfb-above-header-display":"","ast-hfb-below-header-display":"","ast-hfb-mobile-header-display":"","site-post-title":"disabled","ast-breadcrumbs-content":"","ast-featured-img":"disabled","footer-sml-layout":"","ast-disable-related-posts":"","theme-transparent-header-meta":"enabled","adv-header-id-meta":"","stick-header-meta":"","header-above-stick-meta":"","header-main-stick-meta":"","header-below-stick-meta":"","astra-migrate-meta-layouts":"set","ast-page-background-enabled":"default","ast-page-background-meta":{"desktop":{"background-color":"","background-image":"","background-repeat":"repeat","background-position":"center center","background-size":"auto","background-attachment":"scroll","background-type":"","background-media":"","overlay-type":"","overlay-color":"","overlay-opacity":"","overlay-gradient":""},"tablet":{"background-color":"","background-image":"","background-repeat":"repeat","background-position":"center center","background-size":"auto","background-attachment":"scroll","background-type":"","background-media":"","overlay-type":"","overlay-color":"","overlay-opacity":"","overlay-gradient":""},"mobile":{"background-color":"","background-image":"","background-repeat":"repeat","background-position":"center center","background-size":"auto","background-attachment":"scroll","background-type":"","background-media":"","overlay-type":"","overlay-color":"","overlay-opacity":"","overlay-gradient":""}},"ast-content-background-meta":{"desktop":{"background-color":"var(--ast-global-color-5)","background-image":"","background-repeat":"repeat","background-position":"center center","background-size":"auto","background-attachment":"scroll","background-type":"","background-media":"","overlay-type":"","overlay-color":"","overlay-opacity":"","overlay-gradient":""},"tablet":{"background-color":"var(--ast-global-color-5)","background-image":"","background-repeat":"repeat","background-position":"center center","background-size":"auto","background-attachment":"scroll","background-type":"","background-media":"","overlay-type":"","overlay-color":"","overlay-opacity":"","overlay-gradient":""},"mobile":{"background-color":"var(--ast-global-color-5)","background-image":"","background-repeat":"repeat","background-position":"center center","background-size":"auto","background-attachment":"scroll","background-type":"","background-media":"","overlay-type":"","overlay-color":"","overlay-opacity":"","overlay-gradient":""}},"footnotes":""},"class_list":["post-218","page","type-page","status-publish","has-post-thumbnail","hentry"],"yoast_head":"<!-- This site is optimized with the Yoast SEO plugin v27.2 - https:\/\/yoast.com\/product\/yoast-seo-wordpress\/ -->\n<title>About - brainworksaimedia.com<\/title>\n<meta name=\"robots\" content=\"index, follow, max-snippet:-1, max-image-preview:large, max-video-preview:-1\" \/>\n<link rel=\"canonical\" href=\"https:\/\/brainworksaimedia.com\/es\/about\/\" \/>\n<meta property=\"og:locale\" content=\"es_MX\" \/>\n<meta property=\"og:type\" content=\"article\" \/>\n<meta property=\"og:title\" content=\"About - brainworksaimedia.com\" \/>\n<meta property=\"og:description\" content=\"About\u200b Us About Brainworks AI Media We help growth-ready local businesses scale through AI-driven systems, automation, and structured digital strategy. Mission\u200b To help local businesses scale with structured digital systems, AI-driven automation, and measurable growth infrastructure. Vision\u200b To become the strategic growth partner local businesses rely on to compete, automate, and scale in an increasingly [&hellip;]\" \/>\n<meta property=\"og:url\" content=\"https:\/\/brainworksaimedia.com\/es\/about\/\" \/>\n<meta property=\"og:site_name\" content=\"brainworksaimedia.com\" \/>\n<meta property=\"article:modified_time\" content=\"2026-02-16T00:07:58+00:00\" \/>\n<meta property=\"og:image\" content=\"https:\/\/brainworksaimedia.com\/wp-content\/uploads\/2026\/02\/2.jpg\" \/>\n\t<meta property=\"og:image:width\" content=\"2560\" \/>\n\t<meta property=\"og:image:height\" content=\"1440\" \/>\n\t<meta property=\"og:image:type\" content=\"image\/jpeg\" \/>\n<meta name=\"twitter:card\" content=\"summary_large_image\" \/>\n<meta name=\"twitter:label1\" content=\"Tiempo de lectura\" \/>\n\t<meta name=\"twitter:data1\" content=\"1 minuto\" \/>\n<script type=\"application\/ld+json\" class=\"yoast-schema-graph\">{\"@context\":\"https:\/\/schema.org\",\"@graph\":[{\"@type\":\"WebPage\",\"@id\":\"https:\/\/brainworksaimedia.com\/about\/\",\"url\":\"https:\/\/brainworksaimedia.com\/about\/\",\"name\":\"About - brainworksaimedia.com\",\"isPartOf\":{\"@id\":\"https:\/\/brainworksaimedia.com\/#website\"},\"primaryImageOfPage\":{\"@id\":\"https:\/\/brainworksaimedia.com\/about\/#primaryimage\"},\"image\":{\"@id\":\"https:\/\/brainworksaimedia.com\/about\/#primaryimage\"},\"thumbnailUrl\":\"https:\/\/brainworksaimedia.com\/wp-content\/uploads\/2026\/02\/2.jpg\",\"datePublished\":\"2026-02-11T07:54:31+00:00\",\"dateModified\":\"2026-02-16T00:07:58+00:00\",\"breadcrumb\":{\"@id\":\"https:\/\/brainworksaimedia.com\/about\/#breadcrumb\"},\"inLanguage\":\"es\",\"potentialAction\":[{\"@type\":\"ReadAction\",\"target\":[\"https:\/\/brainworksaimedia.com\/about\/\"]}]},{\"@type\":\"ImageObject\",\"inLanguage\":\"es\",\"@id\":\"https:\/\/brainworksaimedia.com\/about\/#primaryimage\",\"url\":\"https:\/\/brainworksaimedia.com\/wp-content\/uploads\/2026\/02\/2.jpg\",\"contentUrl\":\"https:\/\/brainworksaimedia.com\/wp-content\/uploads\/2026\/02\/2.jpg\",\"width\":2560,\"height\":1440},{\"@type\":\"BreadcrumbList\",\"@id\":\"https:\/\/brainworksaimedia.com\/about\/#breadcrumb\",\"itemListElement\":[{\"@type\":\"ListItem\",\"position\":1,\"name\":\"Home\",\"item\":\"https:\/\/brainworksaimedia.com\/\"},{\"@type\":\"ListItem\",\"position\":2,\"name\":\"About\"}]},{\"@type\":\"WebSite\",\"@id\":\"https:\/\/brainworksaimedia.com\/#website\",\"url\":\"https:\/\/brainworksaimedia.com\/\",\"name\":\"brainworksaimedia.com\",\"description\":\"Marketing Agency\",\"publisher\":{\"@id\":\"https:\/\/brainworksaimedia.com\/#organization\"},\"potentialAction\":[{\"@type\":\"SearchAction\",\"target\":{\"@type\":\"EntryPoint\",\"urlTemplate\":\"https:\/\/brainworksaimedia.com\/?s={search_term_string}\"},\"query-input\":{\"@type\":\"PropertyValueSpecification\",\"valueRequired\":true,\"valueName\":\"search_term_string\"}}],\"inLanguage\":\"es\"},{\"@type\":\"Organization\",\"@id\":\"https:\/\/brainworksaimedia.com\/#organization\",\"name\":\"Brainworks Ai Media\",\"url\":\"https:\/\/brainworksaimedia.com\/\",\"logo\":{\"@type\":\"ImageObject\",\"inLanguage\":\"es\",\"@id\":\"https:\/\/brainworksaimedia.com\/#\/schema\/logo\/image\/\",\"url\":\"https:\/\/brainworksaimedia.com\/wp-content\/uploads\/2026\/02\/cropped-1.png\",\"contentUrl\":\"https:\/\/brainworksaimedia.com\/wp-content\/uploads\/2026\/02\/cropped-1.png\",\"width\":500,\"height\":500,\"caption\":\"Brainworks Ai Media\"},\"image\":{\"@id\":\"https:\/\/brainworksaimedia.com\/#\/schema\/logo\/image\/\"}}]}<\/script>\n<!-- \/ Yoast SEO plugin. -->","yoast_head_json":{"title":"About - brainworksaimedia.com","robots":{"index":"index","follow":"follow","max-snippet":"max-snippet:-1","max-image-preview":"max-image-preview:large","max-video-preview":"max-video-preview:-1"},"canonical":"https:\/\/brainworksaimedia.com\/es\/about\/","og_locale":"es_MX","og_type":"article","og_title":"About - brainworksaimedia.com","og_description":"About\u200b Us About Brainworks AI Media We help growth-ready local businesses scale through AI-driven systems, automation, and structured digital strategy. Mission\u200b To help local businesses scale with structured digital systems, AI-driven automation, and measurable growth infrastructure. Vision\u200b To become the strategic growth partner local businesses rely on to compete, automate, and scale in an increasingly [&hellip;]","og_url":"https:\/\/brainworksaimedia.com\/es\/about\/","og_site_name":"brainworksaimedia.com","article_modified_time":"2026-02-16T00:07:58+00:00","og_image":[{"width":2560,"height":1440,"url":"https:\/\/brainworksaimedia.com\/wp-content\/uploads\/2026\/02\/2.jpg","type":"image\/jpeg"}],"twitter_card":"summary_large_image","twitter_misc":{"Tiempo de lectura":"1 minuto"},"schema":{"@context":"https:\/\/schema.org","@graph":[{"@type":"WebPage","@id":"https:\/\/brainworksaimedia.com\/about\/","url":"https:\/\/brainworksaimedia.com\/about\/","name":"About - brainworksaimedia.com","isPartOf":{"@id":"https:\/\/brainworksaimedia.com\/#website"},"primaryImageOfPage":{"@id":"https:\/\/brainworksaimedia.com\/about\/#primaryimage"},"image":{"@id":"https:\/\/brainworksaimedia.com\/about\/#primaryimage"},"thumbnailUrl":"https:\/\/brainworksaimedia.com\/wp-content\/uploads\/2026\/02\/2.jpg","datePublished":"2026-02-11T07:54:31+00:00","dateModified":"2026-02-16T00:07:58+00:00","breadcrumb":{"@id":"https:\/\/brainworksaimedia.com\/about\/#breadcrumb"},"inLanguage":"es","potentialAction":[{"@type":"ReadAction","target":["https:\/\/brainworksaimedia.com\/about\/"]}]},{"@type":"ImageObject","inLanguage":"es","@id":"https:\/\/brainworksaimedia.com\/about\/#primaryimage","url":"https:\/\/brainworksaimedia.com\/wp-content\/uploads\/2026\/02\/2.jpg","contentUrl":"https:\/\/brainworksaimedia.com\/wp-content\/uploads\/2026\/02\/2.jpg","width":2560,"height":1440},{"@type":"BreadcrumbList","@id":"https:\/\/brainworksaimedia.com\/about\/#breadcrumb","itemListElement":[{"@type":"ListItem","position":1,"name":"Home","item":"https:\/\/brainworksaimedia.com\/"},{"@type":"ListItem","position":2,"name":"About"}]},{"@type":"WebSite","@id":"https:\/\/brainworksaimedia.com\/#website","url":"https:\/\/brainworksaimedia.com\/","name":"brainworksaimedia.com","description":"Marketing Agency","publisher":{"@id":"https:\/\/brainworksaimedia.com\/#organization"},"potentialAction":[{"@type":"SearchAction","target":{"@type":"EntryPoint","urlTemplate":"https:\/\/brainworksaimedia.com\/?s={search_term_string}"},"query-input":{"@type":"PropertyValueSpecification","valueRequired":true,"valueName":"search_term_string"}}],"inLanguage":"es"},{"@type":"Organization","@id":"https:\/\/brainworksaimedia.com\/#organization","name":"Brainworks Ai Media","url":"https:\/\/brainworksaimedia.com\/","logo":{"@type":"ImageObject","inLanguage":"es","@id":"https:\/\/brainworksaimedia.com\/#\/schema\/logo\/image\/","url":"https:\/\/brainworksaimedia.com\/wp-content\/uploads\/2026\/02\/cropped-1.png","contentUrl":"https:\/\/brainworksaimedia.com\/wp-content\/uploads\/2026\/02\/cropped-1.png","width":500,"height":500,"caption":"Brainworks Ai Media"},"image":{"@id":"https:\/\/brainworksaimedia.com\/#\/schema\/logo\/image\/"}}]}},"_hostinger_reach_plugin_has_subscription_block":false,"_hostinger_reach_plugin_is_elementor":false,"uagb_featured_image_src":{"full":["https:\/\/brainworksaimedia.com\/wp-content\/uploads\/2026\/02\/2.jpg",2560,1440,false],"thumbnail":["https:\/\/brainworksaimedia.com\/wp-content\/uploads\/2026\/02\/2-150x150.jpg",150,150,true],"medium":["https:\/\/brainworksaimedia.com\/wp-content\/uploads\/2026\/02\/2-300x169.jpg",300,169,true],"medium_large":["https:\/\/brainworksaimedia.com\/wp-content\/uploads\/2026\/02\/2-768x432.jpg",768,432,true],"large":["https:\/\/brainworksaimedia.com\/wp-content\/uploads\/2026\/02\/2-1024x576.jpg",1024,576,true],"1536x1536":["https:\/\/brainworksaimedia.com\/wp-content\/uploads\/2026\/02\/2-1536x864.jpg",1536,864,true],"2048x2048":["https:\/\/brainworksaimedia.com\/wp-content\/uploads\/2026\/02\/2-2048x1152.jpg",2048,1152,true],"trp-custom-language-flag":["https:\/\/brainworksaimedia.com\/wp-content\/uploads\/2026\/02\/2-18x10.jpg",18,10,true]},"uagb_author_info":{"display_name":"Brainworks AI Media","author_link":"https:\/\/brainworksaimedia.com\/es\/author\/infobrainworksaimedia-com\/"},"uagb_comment_info":0,"uagb_excerpt":"About\u200b Us About Brainworks AI Media We help growth-ready local businesses scale through AI-driven systems, automation, and structured digital strategy. Mission\u200b To help local businesses scale with structured digital systems, AI-driven automation, and measurable growth infrastructure. Vision\u200b To become the strategic growth partner local businesses rely on to compete, automate, and scale in an increasingly&hellip;","_links":{"self":[{"href":"https:\/\/brainworksaimedia.com\/es\/wp-json\/wp\/v2\/pages\/218","targetHints":{"allow":["GET"]}}],"collection":[{"href":"https:\/\/brainworksaimedia.com\/es\/wp-json\/wp\/v2\/pages"}],"about":[{"href":"https:\/\/brainworksaimedia.com\/es\/wp-json\/wp\/v2\/types\/page"}],"author":[{"embeddable":true,"href":"https:\/\/brainworksaimedia.com\/es\/wp-json\/wp\/v2\/users\/1"}],"replies":[{"embeddable":true,"href":"https:\/\/brainworksaimedia.com\/es\/wp-json\/wp\/v2\/comments?post=218"}],"version-history":[{"count":25,"href":"https:\/\/brainworksaimedia.com\/es\/wp-json\/wp\/v2\/pages\/218\/revisions"}],"predecessor-version":[{"id":1883,"href":"https:\/\/brainworksaimedia.com\/es\/wp-json\/wp\/v2\/pages\/218\/revisions\/1883"}],"wp:featuredmedia":[{"embeddable":true,"href":"https:\/\/brainworksaimedia.com\/es\/wp-json\/wp\/v2\/media\/1864"}],"wp:attachment":[{"href":"https:\/\/brainworksaimedia.com\/es\/wp-json\/wp\/v2\/media?parent=218"}],"curies":[{"name":"wp","href":"https:\/\/api.w.org\/{rel}","templated":true}]}}